{"id":15,"date":"2021-04-16T14:06:46","date_gmt":"2021-04-16T14:06:46","guid":{"rendered":"https:\/\/law.zeus-hosting.com\/de\/?page_id=15"},"modified":"2022-11-07T11:59:50","modified_gmt":"2022-11-07T11:59:50","slug":"tatigkeitschwerpunkte","status":"publish","type":"page","link":"https:\/\/koutsonassios.gr\/de\/tatigkeitschwerpunkte\/","title":{"rendered":"T\u00e4tigkeitschwerpunkte"},"content":{"rendered":"<p>[vc_row full_width=&#8221;stretch_row&#8221;][vc_column][vc_column_text]<\/p>\n<p style=\"text-align: center;\"><em>Die Kanzlei besch\u00e4ftigt sich haupts\u00e4chlich mit F\u00e4llen aus dem Bereich des Zivil und Handelsrecht.<\/em><\/p>\n<p>[\/vc_column_text][\/vc_column][\/vc_row][vc_row][vc_column offset=&#8221;vc_hidden-md vc_hidden-sm vc_hidden-xs&#8221;][vc_row_inner][vc_column_inner width=&#8221;1\/2&#8243;][vc_column_text]Die T\u00e4tigkeitsschwerpunkte der Kanzlei sind:<br \/>\n1. Schuldrecht<br \/>\n2.\u00a0Erbrecht<br \/>\n3.\u00a0Sachenrecht<br \/>\n4.\u00a0Familienrecht<br \/>\n5.\u00a0Mietvertragsrecht<br \/>\n6.Handelsrecht<br \/>\n7.\u00a0Firmen und Gesellschaftsrecht<br \/>\n8.\u00a0Wettbewerbsrecht[\/vc_column_text][\/vc_column_inner][vc_column_inner width=&#8221;1\/2&#8243;][vc_column_text]9.\u00a0Recht des gewerblichen Rechtsschutzes (Markenrecht, Patentenrecht)<br \/>\n10.\u00a0Urheberrecht<br \/>\n11.Recht der neuen Vertragsformen der Wirtschaft<br \/>\na. Leasing<br \/>\nb. Factoring<br \/>\nc. Franchising<br \/>\n12. Konsumentenschutzrecht (Produzentenhaftung)<br \/>\n13. Versicherungsrecht<br \/>\n14. Immobilienrecht[\/vc_column_text][\/vc_column_inner][\/vc_row_inner][\/vc_column][\/vc_row][vc_row][vc_column offset=&#8221;vc_hidden-lg&#8221;][vc_column_text]Die T\u00e4tigkeitsschwerpunkte der Kanzlei sind:<br \/>\n1. Schuldrecht<br \/>\n2.\u00a0Erbrecht<br \/>\n3.\u00a0Sachenrecht<br \/>\n4.\u00a0Familienrecht<br \/>\n5.\u00a0Mietvertragsrecht<br \/>\n6.Handelsrecht<br \/>\n7.\u00a0Firmen und Gesellschaftsrecht<br \/>\n8.\u00a0Wettbewerbsrecht<br \/>\n9.\u00a0Recht des gewerblichen Rechtsschutzes (Markenrecht, Patentenrecht)<br \/>\n10.\u00a0Urheberrecht<br \/>\n11.Recht der neuen Vertragsformen der Wirtschaft<br \/>\na. Leasing<br \/>\nb. Factoring<br \/>\nc. Franchising<br \/>\n12. Konsumentenschutzrecht (Produzentenhaftung)<br \/>\n13. Versicherungsrecht<br \/>\n14. Immobilienrecht[\/vc_column_text][\/vc_column][\/vc_row]<\/p>\n","protected":false},"excerpt":{"rendered":"<p>[vc_row full_width=&#8221;stretch_row&#8221;][vc_column][vc_column_text] Die Kanzlei besch\u00e4ftigt sich haupts\u00e4chlich mit F\u00e4llen aus dem Bereich des Zivil und Handelsrecht. [\/vc_column_text][\/vc_column][\/vc_row][vc_row][vc_column offset=&#8221;vc_hidden-md vc_hidden-sm vc_hidden-xs&#8221;][vc_row_inner][vc_column_inner width=&#8221;1\/2&#8243;][vc_column_text]Die T\u00e4tigkeitsschwerpunkte der Kanzlei sind: 1. Schuldrecht 2.\u00a0Erbrecht 3.\u00a0Sachenrecht 4.\u00a0Familienrecht 5.\u00a0Mietvertragsrecht 6.Handelsrecht 7.\u00a0Firmen und Gesellschaftsrecht 8.\u00a0Wettbewerbsrecht[\/vc_column_text][\/vc_column_inner][vc_column_inner width=&#8221;1\/2&#8243;][vc_column_text]9.\u00a0Recht des gewerblichen Rechtsschutzes (Markenrecht, Patentenrecht) 10.\u00a0Urheberrecht 11.Recht der neuen Vertragsformen der Wirtschaft a. Leasing b. Factoring c. Franchising [&hellip;]<\/p>\n","protected":false},"author":1,"featured_media":101,"parent":0,"menu_order":0,"comment_status":"closed","ping_status":"closed","template":"page-templates\/full-width.php","meta":{"footnotes":""},"class_list":["post-15","page","type-page","status-publish","has-post-thumbnail","hentry"],"yoast_head":"<!-- This site is optimized with the Yoast SEO plugin v19.7.1 - https:\/\/yoast.com\/wordpress\/plugins\/seo\/ -->\n<title>Koutsonassios.Rechtsanwalt Athen.Deutsch-Griechischer Anwalt.<\/title>\n<meta name=\"description\" content=\"Koutsonassios &amp; Partners. Deutsch-Griechische Anwaltskanzlei. Anwalt in Griechenland. Rechtsanwalt Athen. Griechische deutschsprachige Anwaltskanzlei.\" \/>\n<meta name=\"robots\" content=\"index, follow, max-snippet:-1, max-image-preview:large, max-video-preview:-1\" \/>\n<link rel=\"canonical\" href=\"https:\/\/koutsonassios.gr\/de\/tatigkeitschwerpunkte\/\" \/>\n<meta property=\"og:locale\" content=\"en_US\" \/>\n<meta property=\"og:type\" content=\"article\" \/>\n<meta property=\"og:title\" content=\"Koutsonassios.Rechtsanwalt Athen.Deutsch-Griechischer Anwalt.\" \/>\n<meta property=\"og:description\" content=\"Koutsonassios &amp; Partners. Deutsch-Griechische Anwaltskanzlei. Anwalt in Griechenland. Rechtsanwalt Athen. Griechische deutschsprachige Anwaltskanzlei.\" \/>\n<meta property=\"og:url\" content=\"https:\/\/koutsonassios.gr\/de\/tatigkeitschwerpunkte\/\" \/>\n<meta property=\"article:modified_time\" content=\"2022-11-07T11:59:50+00:00\" \/>\n<meta property=\"og:image\" content=\"https:\/\/koutsonassios.gr\/de\/wp-content\/uploads\/sites\/4\/2022\/10\/Rechtsanwalt-Athen-Deutsch-Griechischer-Anwalt.jpg\" \/>\n\t<meta property=\"og:image:width\" content=\"500\" \/>\n\t<meta property=\"og:image:height\" content=\"500\" \/>\n\t<meta property=\"og:image:type\" content=\"image\/jpeg\" \/>\n<meta name=\"twitter:card\" content=\"summary_large_image\" \/>\n<meta name=\"twitter:label1\" content=\"Est. reading time\" \/>\n\t<meta name=\"twitter:data1\" content=\"1 minute\" \/>\n<script type=\"application\/ld+json\" class=\"yoast-schema-graph\">{\"@context\":\"https:\/\/schema.org\",\"@graph\":[{\"@type\":\"WebPage\",\"@id\":\"https:\/\/koutsonassios.gr\/de\/tatigkeitschwerpunkte\/\",\"url\":\"https:\/\/koutsonassios.gr\/de\/tatigkeitschwerpunkte\/\",\"name\":\"Koutsonassios.Rechtsanwalt Athen.Deutsch-Griechischer Anwalt.\",\"isPartOf\":{\"@id\":\"https:\/\/koutsonassios.gr\/de\/#website\"},\"datePublished\":\"2021-04-16T14:06:46+00:00\",\"dateModified\":\"2022-11-07T11:59:50+00:00\",\"description\":\"Koutsonassios & Partners. Deutsch-Griechische Anwaltskanzlei. Anwalt in Griechenland. Rechtsanwalt Athen. Griechische deutschsprachige Anwaltskanzlei.\",\"breadcrumb\":{\"@id\":\"https:\/\/koutsonassios.gr\/de\/tatigkeitschwerpunkte\/#breadcrumb\"},\"inLanguage\":\"en-US\",\"potentialAction\":[{\"@type\":\"ReadAction\",\"target\":[\"https:\/\/koutsonassios.gr\/de\/tatigkeitschwerpunkte\/\"]}]},{\"@type\":\"BreadcrumbList\",\"@id\":\"https:\/\/koutsonassios.gr\/de\/tatigkeitschwerpunkte\/#breadcrumb\",\"itemListElement\":[{\"@type\":\"ListItem\",\"position\":1,\"name\":\"Home\",\"item\":\"https:\/\/koutsonassios.gr\/de\/\"},{\"@type\":\"ListItem\",\"position\":2,\"name\":\"T\u00e4tigkeitschwerpunkte\"}]},{\"@type\":\"WebSite\",\"@id\":\"https:\/\/koutsonassios.gr\/de\/#website\",\"url\":\"https:\/\/koutsonassios.gr\/de\/\",\"name\":\"\",\"description\":\"\",\"potentialAction\":[{\"@type\":\"SearchAction\",\"target\":{\"@type\":\"EntryPoint\",\"urlTemplate\":\"https:\/\/koutsonassios.gr\/de\/?s={search_term_string}\"},\"query-input\":\"required name=search_term_string\"}],\"inLanguage\":\"en-US\"}]}<\/script>\n<!-- \/ Yoast SEO plugin. -->","yoast_head_json":{"title":"Koutsonassios.Rechtsanwalt Athen.Deutsch-Griechischer Anwalt.","description":"Koutsonassios & Partners. Deutsch-Griechische Anwaltskanzlei. Anwalt in Griechenland. Rechtsanwalt Athen. Griechische deutschsprachige Anwaltskanzlei.","robots":{"index":"index","follow":"follow","max-snippet":"max-snippet:-1","max-image-preview":"max-image-preview:large","max-video-preview":"max-video-preview:-1"},"canonical":"https:\/\/koutsonassios.gr\/de\/tatigkeitschwerpunkte\/","og_locale":"en_US","og_type":"article","og_title":"Koutsonassios.Rechtsanwalt Athen.Deutsch-Griechischer Anwalt.","og_description":"Koutsonassios & Partners. Deutsch-Griechische Anwaltskanzlei. Anwalt in Griechenland. Rechtsanwalt Athen. Griechische deutschsprachige Anwaltskanzlei.","og_url":"https:\/\/koutsonassios.gr\/de\/tatigkeitschwerpunkte\/","article_modified_time":"2022-11-07T11:59:50+00:00","og_image":[{"width":500,"height":500,"url":"https:\/\/koutsonassios.gr\/de\/wp-content\/uploads\/sites\/4\/2022\/10\/Rechtsanwalt-Athen-Deutsch-Griechischer-Anwalt.jpg","type":"image\/jpeg"}],"twitter_card":"summary_large_image","twitter_misc":{"Est. reading time":"1 minute"},"schema":{"@context":"https:\/\/schema.org","@graph":[{"@type":"WebPage","@id":"https:\/\/koutsonassios.gr\/de\/tatigkeitschwerpunkte\/","url":"https:\/\/koutsonassios.gr\/de\/tatigkeitschwerpunkte\/","name":"Koutsonassios.Rechtsanwalt Athen.Deutsch-Griechischer Anwalt.","isPartOf":{"@id":"https:\/\/koutsonassios.gr\/de\/#website"},"datePublished":"2021-04-16T14:06:46+00:00","dateModified":"2022-11-07T11:59:50+00:00","description":"Koutsonassios & Partners. Deutsch-Griechische Anwaltskanzlei. Anwalt in Griechenland. Rechtsanwalt Athen. Griechische deutschsprachige Anwaltskanzlei.","breadcrumb":{"@id":"https:\/\/koutsonassios.gr\/de\/tatigkeitschwerpunkte\/#breadcrumb"},"inLanguage":"en-US","potentialAction":[{"@type":"ReadAction","target":["https:\/\/koutsonassios.gr\/de\/tatigkeitschwerpunkte\/"]}]},{"@type":"BreadcrumbList","@id":"https:\/\/koutsonassios.gr\/de\/tatigkeitschwerpunkte\/#breadcrumb","itemListElement":[{"@type":"ListItem","position":1,"name":"Home","item":"https:\/\/koutsonassios.gr\/de\/"},{"@type":"ListItem","position":2,"name":"T\u00e4tigkeitschwerpunkte"}]},{"@type":"WebSite","@id":"https:\/\/koutsonassios.gr\/de\/#website","url":"https:\/\/koutsonassios.gr\/de\/","name":"","description":"","potentialAction":[{"@type":"SearchAction","target":{"@type":"EntryPoint","urlTemplate":"https:\/\/koutsonassios.gr\/de\/?s={search_term_string}"},"query-input":"required name=search_term_string"}],"inLanguage":"en-US"}]}},"_links":{"self":[{"href":"https:\/\/koutsonassios.gr\/de\/wp-json\/wp\/v2\/pages\/15","targetHints":{"allow":["GET"]}}],"collection":[{"href":"https:\/\/koutsonassios.gr\/de\/wp-json\/wp\/v2\/pages"}],"about":[{"href":"https:\/\/koutsonassios.gr\/de\/wp-json\/wp\/v2\/types\/page"}],"author":[{"embeddable":true,"href":"https:\/\/koutsonassios.gr\/de\/wp-json\/wp\/v2\/users\/1"}],"replies":[{"embeddable":true,"href":"https:\/\/koutsonassios.gr\/de\/wp-json\/wp\/v2\/comments?post=15"}],"version-history":[{"count":7,"href":"https:\/\/koutsonassios.gr\/de\/wp-json\/wp\/v2\/pages\/15\/revisions"}],"predecessor-version":[{"id":65,"href":"https:\/\/koutsonassios.gr\/de\/wp-json\/wp\/v2\/pages\/15\/revisions\/65"}],"wp:featuredmedia":[{"embeddable":true,"href":"https:\/\/koutsonassios.gr\/de\/wp-json\/wp\/v2\/media\/101"}],"wp:attachment":[{"href":"https:\/\/koutsonassios.gr\/de\/wp-json\/wp\/v2\/media?parent=15"}],"curies":[{"name":"wp","href":"https:\/\/api.w.org\/{rel}","templated":true}]}}