{"id":2,"date":"2021-04-04T13:58:17","date_gmt":"2021-04-04T13:58:17","guid":{"rendered":"https:\/\/law.zeus-hosting.com\/de\/?page_id=2"},"modified":"2022-11-07T12:02:33","modified_gmt":"2022-11-07T12:02:33","slug":"rechtsanwalt-athen","status":"publish","type":"page","link":"https:\/\/koutsonassios.gr\/de\/","title":{"rendered":"Kanzlei"},"content":{"rendered":"<p>[vc_row full_width=&#8221;stretch_row&#8221; css=&#8221;.vc_custom_1649646402705{margin-top: -10px !important;border-bottom-width: 10px !important;background-color: #7b7b7b !important;background-position: 0 0 !important;background-repeat: repeat !important;border-bottom-color: #cebd88 !important;border-bottom-style: solid !important;}&#8221;][vc_column offset=&#8221;vc_hidden-md vc_hidden-sm vc_hidden-xs&#8221;][vc_single_image image=&#8221;79&#8243; img_size=&#8221;full&#8221; alignment=&#8221;center&#8221; style=&#8221;vc_box_shadow_3d&#8221;][vc_column_text]<\/p>\n<h1 style=\"text-align: center;\"><span style=\"color: #ffffff;\"><span style=\"font-size: 18pt;\">Rechtsanwaltskanzlei<\/span><br \/>\n<span style=\"font-size: 18pt;\">Christos Koutsonassios &amp; Partners<\/span><br \/>\n<\/span><\/h1>\n<p>[\/vc_column_text][\/vc_column][\/vc_row][vc_row full_width=&#8221;stretch_row&#8221; css=&#8221;.vc_custom_1627499995051{border-top-width: 0px !important;border-bottom-width: 10px !important;background-color: #7b7b7b !important;background-position: 0 0 !important;background-repeat: repeat !important;border-top-color: #cebd88 !important;border-top-style: solid !important;border-bottom-color: #cebd88 !important;border-bottom-style: solid !important;}&#8221;][vc_column offset=&#8221;vc_hidden-lg&#8221;][vc_single_image image=&#8221;72&#8243; img_size=&#8221;full&#8221; alignment=&#8221;center&#8221;][vc_column_text]<\/p>\n<p style=\"text-align: center;\"><span style=\"color: #ffffff;\"><span style=\"font-size: 18pt;\">Rechtsanwaltskanzlei<\/span><br \/>\n<span style=\"font-size: 18pt;\">Christos Koutsonassios &amp; Partners<\/span><br \/>\n<\/span><\/p>\n<p>[\/vc_column_text][\/vc_column][\/vc_row][vc_row equal_height=&#8221;yes&#8221;][vc_column][vc_column_text]<span style=\"font-size: 12pt;\">Die Kanzlei &#8220;Koutsonassios &amp; Partners&#8221; wurde im Jahr 1954 vom Rechtsanwalt Georgios Koutsonassios gegr\u00fcndet.<\/span><\/p>\n<p><span style=\"font-size: 12pt;\">T\u00e4tigkeitsschwerpunkte der Kanzlei vom Jahr 1954 bis zum Jahr 1982, Zeitperiode in der Gesch\u00e4ftsf\u00fchrer der Kanzlei RA Georgios Koutsonassios gewesen war, waren haupts\u00e4chlich F\u00e4lle im Bereich des Zivilrechts und die Klientel waren Privatpersonen oder Unternehmen mit Sitz die Stadt Athen. F\u00e4lle im Bereich des Sachrechts, Erbrechts und Versicherungsrechts waren w\u00e4hrend dieser Zeitperiode die besondere Spezialisierung der T\u00e4tigkeit der Kanzlei.<\/span><\/p>\n<p><span style=\"font-size: 12pt;\">Seit dem Jahre 1982 Rechtsanwalt Christos Koutsonassios, Sohn des RA Georgios Koutsonassios, besch\u00e4ftigte sich aktiv mit den F\u00e4llen der Kanzlei mit Ergebnis, dass der T\u00e4tigkeitsbereich der Kanzlei an die Bereiche des Internationalen Handelsrechts, der Rechts des Wettbewerbsrechts und des Rechts des gewerblichen Rechtschutzes erweitert wurde.<\/span><\/p>\n<p><span style=\"font-size: 12pt;\">Seit dem Jahre 1984 Gesch\u00e4ftsf\u00fchrer der Kanzlei wurde RA Christos Koutsonassios, der auch bis heute ist, und die Klientel der Kanzlei wurde mit Privatpersonen oder Unternehmen mit internationalen T\u00e4tigkeit besonders vom deutschsprachigem Raum Europas (Deutschland, \u00d6sterreich und Schweiz) erweitert. Die Kanzlei ist heute Mitglied bei internationalen Rechtsanwaltsvereinigungen.<\/span><\/p>\n<p><span style=\"font-size: 12pt;\">Die Berufserfahrung, die Glaubw\u00fcrdigkeit, die wissenschaftliche Methode, das Vertrauen und die Promptheit an den Mandanten sind die Prinzipien der Kanzlei, die als erster der Gr\u00fcnder RA Georgios Koutsonassios eingef\u00fchrt hatte, und heute die Mitarbeiter der Kanzlei konsequent folgen.<\/span>[\/vc_column_text][\/vc_column][\/vc_row][vc_row full_width=&#8221;stretch_row&#8221; css=&#8221;.vc_custom_1618729385643{margin-right: 20px !important;margin-left: 20px !important;border-top-width: 5px !important;border-bottom-width: 5px !important;background-color: #777777 !important;border-top-color: #cebd88 !important;border-top-style: solid !important;border-bottom-color: #cebd88 !important;border-bottom-style: solid !important;}&#8221;][vc_column][vc_column_text]<\/p>\n<p style=\"text-align: center;\"><span style=\"color: #ffffff; font-size: 12pt;\">Rechtsanwaltkanzlei Christos Koutsonassios &amp; Partners ist Mitglied vom Ars Legis e.V., ein internationales Netzwerk von Rechtsanw\u00e4lten, Patentanw\u00e4lten und Steuerberatern.<\/span><\/p>\n<p style=\"text-align: center;\"><span style=\"color: #ffffff; font-size: 12pt;\">\u00a0<\/span><\/p>\n<p style=\"text-align: center;\"><span style=\"font-size: 12pt;\"><a href=\"https:\/\/koutsonassios.gr\/de\/internationale-partnerschaften-ars-legis\/\" target=\"_blank\" rel=\"noopener\"><strong><span style=\"color: #ffffff;\">Weiterlesen&#8230;..<\/span><\/strong><\/a><\/span><\/p>\n<p>[\/vc_column_text][\/vc_column][\/vc_row][vc_row][vc_column width=&#8221;5\/6&#8243;][\/vc_column][vc_column width=&#8221;1\/6&#8243;][vc_toggle title=&#8221;.&#8221; style=&#8221;text_only&#8221; color=&#8221;white&#8221; size=&#8221;sm&#8221;]<\/p>\n<h2><span style=\"font-family: arial, helvetica, sans-serif; font-size: 10pt;\"><strong>Anwalt Athen<\/strong><\/span><br \/>\n<span style=\"font-family: arial, helvetica, sans-serif; font-size: 10pt;\"><strong>Rechtsanwalt Athen<\/strong><\/span><br \/>\n<span style=\"font-family: arial, helvetica, sans-serif; font-size: 10pt;\"><strong>griechische deutschsprachige Anwaltskanzlei<\/strong><\/span><br \/>\n<span style=\"font-size: 10pt;\"><strong>Rechtsanwalt in Griechenland<\/strong><\/span><br \/>\n<span style=\"font-size: 10pt;\"><strong>Deutsch-Griechischer Anwalt<\/strong><\/span><br \/>\n<span style=\"font-size: 10pt;\"><strong>deutsch-griechische Anwaltskanzlei Athen<\/strong><\/span><br \/>\n<span style=\"font-size: 10pt;\"><strong>deutsch-griechische Anwaltskanzlei<\/strong><\/span><br \/>\n<span style=\"font-size: 10pt;\"><strong>Deutsch-Griechischer Anwalt Athen<\/strong><\/span><br \/>\n<span style=\"font-size: 10pt;\"><strong>Anwalt Griechenland<\/strong><\/span><br \/>\n<span style=\"font-size: 10pt;\"><strong>Grenz\u00fcberschreitende Beratung\u200e<\/strong><\/span><br \/>\n<span style=\"font-size: 10pt;\"><strong>Kostenfreie Ersteinsch\u00e4tzung\u200e<\/strong><\/span><br \/>\n<span style=\"font-size: 10pt;\"><strong>Rechtsanw\u00e4lte f\u00fcr Wirtschaftsrecht<\/strong><\/span><br \/>\n<span style=\"font-size: 10pt;\"><strong>Anwaltskanzlei<\/strong><\/span><br \/>\n<span style=\"font-size: 10pt;\"><strong>Rechtsanwalt in Griechenland<\/strong><\/span><br \/>\n<span style=\"font-size: 10pt;\"><strong>Beratung bei deutsch-griechischen Rechtsfragen<\/strong><\/span><br \/>\n<span style=\"font-size: 10pt;\"><strong>Anwalt in Griechenland<\/strong><\/span><br \/>\n<span style=\"font-size: 10pt;\"><strong>Rechtsberatung f\u00fcr Unternehmen in Griechenland<\/strong><\/span><br \/>\n<span style=\"font-size: 10pt;\"><strong>Verkehrsrecht Griechenland<\/strong><\/span><br \/>\n<span style=\"font-size: 10pt;\"><strong>Hausverwaltung Griechenland<\/strong><\/span><br \/>\n<span style=\"font-size: 10pt;\"><strong>Rechtsanwalt Athen<\/strong><\/span><br \/>\n<span style=\"font-size: 10pt;\"><strong>griechische Deutschsprachige Anwaltskanzlei Athen<\/strong><\/span><br \/>\n<span style=\"font-size: 10pt;\"><strong>griechische Deutschsprachige Anwaltskanzlei Griechenland<\/strong><\/span><br \/>\n<span style=\"font-size: 10pt;\"><strong>Immobilienrecht Griechenland<\/strong><\/span><br \/>\n<span style=\"font-size: 10pt;\"><strong>Vertragsrecht Griechenland<\/strong><\/span><br \/>\n<span style=\"font-size: 10pt;\"><strong>Strafrecht Griechenland<\/strong><\/span><\/h2>\n<p>[\/vc_toggle][\/vc_column][\/vc_row]<\/p>\n","protected":false},"excerpt":{"rendered":"<p>[vc_row full_width=&#8221;stretch_row&#8221; css=&#8221;.vc_custom_1649646402705{margin-top: -10px !important;border-bottom-width: 10px !important;background-color: #7b7b7b !important;background-position: 0 0 !important;background-repeat: repeat !important;border-bottom-color: #cebd88 !important;border-bottom-style: solid !important;}&#8221;][vc_column offset=&#8221;vc_hidden-md vc_hidden-sm vc_hidden-xs&#8221;][vc_single_image image=&#8221;79&#8243; img_size=&#8221;full&#8221; alignment=&#8221;center&#8221; style=&#8221;vc_box_shadow_3d&#8221;][vc_column_text] Rechtsanwaltskanzlei Christos Koutsonassios &amp; Partners [\/vc_column_text][\/vc_column][\/vc_row][vc_row full_width=&#8221;stretch_row&#8221; css=&#8221;.vc_custom_1627499995051{border-top-width: 0px !important;border-bottom-width: 10px !important;background-color: #7b7b7b !important;background-position: 0 0 !important;background-repeat: repeat !important;border-top-color: #cebd88 !important;border-top-style: solid !important;border-bottom-color: #cebd88 !important;border-bottom-style: solid !important;}&#8221;][vc_column offset=&#8221;vc_hidden-lg&#8221;][vc_single_image image=&#8221;72&#8243; img_size=&#8221;full&#8221; [&hellip;]<\/p>\n","protected":false},"author":1,"featured_media":101,"parent":0,"menu_order":0,"comment_status":"closed","ping_status":"closed","template":"page-templates\/full-width.php","meta":{"footnotes":""},"class_list":["post-2","page","type-page","status-publish","has-post-thumbnail","hentry"],"yoast_head":"<!-- This site is optimized with the Yoast SEO plugin v19.7.1 - https:\/\/yoast.com\/wordpress\/plugins\/seo\/ -->\n<title>Koutsonassios.Rechtsanwalt Athen.Deutsch-Griechischer Anwalt.<\/title>\n<meta name=\"description\" content=\"Koutsonassios &amp; Partners. Deutsch-Griechische Anwaltskanzlei. Anwalt in Griechenland. Rechtsanwalt Athen. Griechische deutschsprachige Anwaltskanzlei.\" \/>\n<meta name=\"robots\" content=\"index, follow, max-snippet:-1, max-image-preview:large, max-video-preview:-1\" \/>\n<link rel=\"canonical\" href=\"https:\/\/koutsonassios.gr\/de\/\" \/>\n<meta property=\"og:locale\" content=\"en_US\" \/>\n<meta property=\"og:type\" content=\"article\" \/>\n<meta property=\"og:title\" content=\"Koutsonassios.Rechtsanwalt Athen.Deutsch-Griechischer Anwalt.\" \/>\n<meta property=\"og:description\" content=\"Koutsonassios &amp; Partners. Deutsch-Griechische Anwaltskanzlei. Anwalt in Griechenland. Rechtsanwalt Athen. Griechische deutschsprachige Anwaltskanzlei.\" \/>\n<meta property=\"og:url\" content=\"https:\/\/koutsonassios.gr\/de\/\" \/>\n<meta property=\"article:modified_time\" content=\"2022-11-07T12:02:33+00:00\" \/>\n<meta property=\"og:image\" content=\"https:\/\/koutsonassios.gr\/de\/wp-content\/uploads\/sites\/4\/2022\/10\/Rechtsanwalt-Athen-Deutsch-Griechischer-Anwalt.jpg\" \/>\n\t<meta property=\"og:image:width\" content=\"500\" \/>\n\t<meta property=\"og:image:height\" content=\"500\" \/>\n\t<meta property=\"og:image:type\" content=\"image\/jpeg\" \/>\n<meta name=\"twitter:card\" content=\"summary_large_image\" \/>\n<meta name=\"twitter:label1\" content=\"Est. reading time\" \/>\n\t<meta name=\"twitter:data1\" content=\"2 minutes\" \/>\n<script type=\"application\/ld+json\" class=\"yoast-schema-graph\">{\"@context\":\"https:\/\/schema.org\",\"@graph\":[{\"@type\":\"WebPage\",\"@id\":\"https:\/\/koutsonassios.gr\/de\/\",\"url\":\"https:\/\/koutsonassios.gr\/de\/\",\"name\":\"Koutsonassios.Rechtsanwalt Athen.Deutsch-Griechischer Anwalt.\",\"isPartOf\":{\"@id\":\"https:\/\/koutsonassios.gr\/de\/#website\"},\"datePublished\":\"2021-04-04T13:58:17+00:00\",\"dateModified\":\"2022-11-07T12:02:33+00:00\",\"description\":\"Koutsonassios & Partners. Deutsch-Griechische Anwaltskanzlei. Anwalt in Griechenland. Rechtsanwalt Athen. Griechische deutschsprachige Anwaltskanzlei.\",\"breadcrumb\":{\"@id\":\"https:\/\/koutsonassios.gr\/de\/#breadcrumb\"},\"inLanguage\":\"en-US\",\"potentialAction\":[{\"@type\":\"ReadAction\",\"target\":[\"https:\/\/koutsonassios.gr\/de\/\"]}]},{\"@type\":\"BreadcrumbList\",\"@id\":\"https:\/\/koutsonassios.gr\/de\/#breadcrumb\",\"itemListElement\":[{\"@type\":\"ListItem\",\"position\":1,\"name\":\"Home\",\"item\":\"https:\/\/koutsonassios.gr\/de\/\"},{\"@type\":\"ListItem\",\"position\":2,\"name\":\"Kanzlei\"}]},{\"@type\":\"WebSite\",\"@id\":\"https:\/\/koutsonassios.gr\/de\/#website\",\"url\":\"https:\/\/koutsonassios.gr\/de\/\",\"name\":\"\",\"description\":\"\",\"potentialAction\":[{\"@type\":\"SearchAction\",\"target\":{\"@type\":\"EntryPoint\",\"urlTemplate\":\"https:\/\/koutsonassios.gr\/de\/?s={search_term_string}\"},\"query-input\":\"required name=search_term_string\"}],\"inLanguage\":\"en-US\"}]}<\/script>\n<!-- \/ Yoast SEO plugin. -->","yoast_head_json":{"title":"Koutsonassios.Rechtsanwalt Athen.Deutsch-Griechischer Anwalt.","description":"Koutsonassios & Partners. Deutsch-Griechische Anwaltskanzlei. Anwalt in Griechenland. Rechtsanwalt Athen. Griechische deutschsprachige Anwaltskanzlei.","robots":{"index":"index","follow":"follow","max-snippet":"max-snippet:-1","max-image-preview":"max-image-preview:large","max-video-preview":"max-video-preview:-1"},"canonical":"https:\/\/koutsonassios.gr\/de\/","og_locale":"en_US","og_type":"article","og_title":"Koutsonassios.Rechtsanwalt Athen.Deutsch-Griechischer Anwalt.","og_description":"Koutsonassios & Partners. Deutsch-Griechische Anwaltskanzlei. Anwalt in Griechenland. Rechtsanwalt Athen. Griechische deutschsprachige Anwaltskanzlei.","og_url":"https:\/\/koutsonassios.gr\/de\/","article_modified_time":"2022-11-07T12:02:33+00:00","og_image":[{"width":500,"height":500,"url":"https:\/\/koutsonassios.gr\/de\/wp-content\/uploads\/sites\/4\/2022\/10\/Rechtsanwalt-Athen-Deutsch-Griechischer-Anwalt.jpg","type":"image\/jpeg"}],"twitter_card":"summary_large_image","twitter_misc":{"Est. reading time":"2 minutes"},"schema":{"@context":"https:\/\/schema.org","@graph":[{"@type":"WebPage","@id":"https:\/\/koutsonassios.gr\/de\/","url":"https:\/\/koutsonassios.gr\/de\/","name":"Koutsonassios.Rechtsanwalt Athen.Deutsch-Griechischer Anwalt.","isPartOf":{"@id":"https:\/\/koutsonassios.gr\/de\/#website"},"datePublished":"2021-04-04T13:58:17+00:00","dateModified":"2022-11-07T12:02:33+00:00","description":"Koutsonassios & Partners. Deutsch-Griechische Anwaltskanzlei. Anwalt in Griechenland. Rechtsanwalt Athen. Griechische deutschsprachige Anwaltskanzlei.","breadcrumb":{"@id":"https:\/\/koutsonassios.gr\/de\/#breadcrumb"},"inLanguage":"en-US","potentialAction":[{"@type":"ReadAction","target":["https:\/\/koutsonassios.gr\/de\/"]}]},{"@type":"BreadcrumbList","@id":"https:\/\/koutsonassios.gr\/de\/#breadcrumb","itemListElement":[{"@type":"ListItem","position":1,"name":"Home","item":"https:\/\/koutsonassios.gr\/de\/"},{"@type":"ListItem","position":2,"name":"Kanzlei"}]},{"@type":"WebSite","@id":"https:\/\/koutsonassios.gr\/de\/#website","url":"https:\/\/koutsonassios.gr\/de\/","name":"","description":"","potentialAction":[{"@type":"SearchAction","target":{"@type":"EntryPoint","urlTemplate":"https:\/\/koutsonassios.gr\/de\/?s={search_term_string}"},"query-input":"required name=search_term_string"}],"inLanguage":"en-US"}]}},"_links":{"self":[{"href":"https:\/\/koutsonassios.gr\/de\/wp-json\/wp\/v2\/pages\/2","targetHints":{"allow":["GET"]}}],"collection":[{"href":"https:\/\/koutsonassios.gr\/de\/wp-json\/wp\/v2\/pages"}],"about":[{"href":"https:\/\/koutsonassios.gr\/de\/wp-json\/wp\/v2\/types\/page"}],"author":[{"embeddable":true,"href":"https:\/\/koutsonassios.gr\/de\/wp-json\/wp\/v2\/users\/1"}],"replies":[{"embeddable":true,"href":"https:\/\/koutsonassios.gr\/de\/wp-json\/wp\/v2\/comments?post=2"}],"version-history":[{"count":20,"href":"https:\/\/koutsonassios.gr\/de\/wp-json\/wp\/v2\/pages\/2\/revisions"}],"predecessor-version":[{"id":107,"href":"https:\/\/koutsonassios.gr\/de\/wp-json\/wp\/v2\/pages\/2\/revisions\/107"}],"wp:featuredmedia":[{"embeddable":true,"href":"https:\/\/koutsonassios.gr\/de\/wp-json\/wp\/v2\/media\/101"}],"wp:attachment":[{"href":"https:\/\/koutsonassios.gr\/de\/wp-json\/wp\/v2\/media?parent=2"}],"curies":[{"name":"wp","href":"https:\/\/api.w.org\/{rel}","templated":true}]}}