{"id":26,"date":"2021-04-16T14:28:52","date_gmt":"2021-04-16T14:28:52","guid":{"rendered":"https:\/\/law.zeus-hosting.com\/de\/?page_id=26"},"modified":"2022-04-11T03:12:02","modified_gmt":"2022-04-11T03:12:02","slug":"internationale-partnerschaften-ars-legis","status":"publish","type":"page","link":"https:\/\/koutsonassios.gr\/de\/internationale-partnerschaften-ars-legis\/","title":{"rendered":"Internationale Partnerschaften ARS LEGIS"},"content":{"rendered":"<p>[vc_row][vc_column offset=&#8221;vc_hidden-md vc_hidden-sm vc_hidden-xs&#8221;][vc_row_inner][vc_column_inner width=&#8221;1\/2&#8243;][vc_empty_space height=&#8221;24px&#8221;][vc_single_image image=&#8221;43&#8243; img_size=&#8221;full&#8221; alignment=&#8221;center&#8221; style=&#8221;vc_box_shadow_3d&#8221;][vc_column_text]<\/p>\n<p style=\"text-align: center;\"><span style=\"font-size: 8pt;\">Mitgliederversammlung Ars Legis<br \/>\n<\/span><\/p>\n<p>[\/vc_column_text][vc_empty_space height=&#8221;24px&#8221;][vc_single_image image=&#8221;44&#8243; img_size=&#8221;&#8221; alignment=&#8221;center&#8221;][\/vc_column_inner][vc_column_inner width=&#8221;1\/2&#8243;][vc_column_text]<span style=\"font-size: 12pt;\">Erfahrung \u2013 Vertrauen \u2013 Erfolg: Seit 1993 bietet Ars Legis International seinen Partnerkanzleien und deren Mandanten international fachkundige, schnelle Beratung aus einer Hand. \u00dcber 50 Kanzleien mit um ein Vielfaches mehr an Berufstr\u00e4gern \u2013 Rechtsanw\u00e4lte, Patentanw\u00e4lte, Wirtschaftspr\u00fcfer und Steuerberater \u2013 bieten ihre Dienstleistungen an, einzeln oder gemeinsam. So k\u00f6nnen auch komplexe Sachverhalte solide bearbeitet werden.<\/span><\/p>\n<p><span style=\"font-size: 12pt;\">Ars Legis International ist unb\u00fcrokratisch und Dienstleistung orientiert. Man kennt sich und steht im Austausch miteinander, auch wenn es einmal um ein Gebiet geht, das nicht zum \u00fcblichen T\u00e4tigkeitsfeld einer Kanzlei geh\u00f6rt. Wenn gew\u00fcnscht, beh\u00e4lt der Mandant seine Kanzlei vor Ort als Ansprechpartner \u2013 vertrauensvoll, kompetent und eben mit einem guten Kontakt zu der Partnerkanzlei. Wird er nach dort vermittelt und beauftragt die Partnerkanzlei direkt, kann er sich auf Deutsch oder Englisch verst\u00e4ndigen. Denn Deutschsprachigkeit ist auch ein Merkmal der Mitgliedschaft der Ars Legis International.<\/span><\/p>\n<p>&nbsp;<\/p>\n<p><span style=\"font-size: 12pt;\">Website: <a href=\"https:\/\/www.arslegis.de\" target=\"_blank\" rel=\"noopener\">www.arslegis.de<\/a><\/span>[\/vc_column_text][\/vc_column_inner][\/vc_row_inner][\/vc_column][\/vc_row][vc_row][vc_column offset=&#8221;vc_hidden-lg&#8221;][vc_single_image image=&#8221;43&#8243; img_size=&#8221;full&#8221; style=&#8221;vc_box_shadow_3d&#8221;][vc_column_text]Erfahrung \u2013 Vertrauen \u2013 Erfolg: Seit 1993 bietet Ars Legis International seinen Partnerkanzleien und deren Mandanten international fachkundige, schnelle Beratung aus einer Hand. \u00dcber 50 Kanzleien mit um ein Vielfaches mehr an Berufstr\u00e4gern \u2013 Rechtsanw\u00e4lte, Patentanw\u00e4lte, Wirtschaftspr\u00fcfer und Steuerberater \u2013 bieten ihre Dienstleistungen an, einzeln oder gemeinsam. So k\u00f6nnen auch komplexe Sachverhalte solide bearbeitet werden.<\/p>\n<p>Ars Legis International ist unb\u00fcrokratisch und Dienstleistung orientiert. Man kennt sich und steht im Austausch miteinander, auch wenn es einmal um ein Gebiet geht, das nicht zum \u00fcblichen T\u00e4tigkeitsfeld einer Kanzlei geh\u00f6rt. Wenn gew\u00fcnscht, beh\u00e4lt der Mandant seine Kanzlei vor Ort als Ansprechpartner \u2013 vertrauensvoll, kompetent und eben mit einem guten Kontakt zu der Partnerkanzlei. Wird er nach dort vermittelt und beauftragt die Partnerkanzlei direkt, kann er sich auf Deutsch oder Englisch verst\u00e4ndigen. Denn Deutschsprachigkeit ist auch ein Merkmal der Mitgliedschaft der Ars Legis International.<\/p>\n<p>&nbsp;<\/p>\n<p>Website: <a href=\"https:\/\/www.arslegis.de\" target=\"_blank\" rel=\"noopener\">www.arslegis.de<\/a>[\/vc_column_text][vc_single_image image=&#8221;44&#8243; img_size=&#8221;&#8221; alignment=&#8221;center&#8221;][\/vc_column][\/vc_row]<\/p>\n","protected":false},"excerpt":{"rendered":"<p>[vc_row][vc_column offset=&#8221;vc_hidden-md vc_hidden-sm vc_hidden-xs&#8221;][vc_row_inner][vc_column_inner width=&#8221;1\/2&#8243;][vc_empty_space height=&#8221;24px&#8221;][vc_single_image image=&#8221;43&#8243; img_size=&#8221;full&#8221; alignment=&#8221;center&#8221; style=&#8221;vc_box_shadow_3d&#8221;][vc_column_text] Mitgliederversammlung Ars Legis [\/vc_column_text][vc_empty_space height=&#8221;24px&#8221;][vc_single_image image=&#8221;44&#8243; img_size=&#8221;&#8221; alignment=&#8221;center&#8221;][\/vc_column_inner][vc_column_inner width=&#8221;1\/2&#8243;][vc_column_text]Erfahrung \u2013 Vertrauen \u2013 Erfolg: Seit 1993 bietet Ars Legis International seinen Partnerkanzleien und deren Mandanten international fachkundige, schnelle Beratung aus einer Hand. \u00dcber 50 Kanzleien mit um ein Vielfaches mehr an Berufstr\u00e4gern \u2013 Rechtsanw\u00e4lte, Patentanw\u00e4lte, Wirtschaftspr\u00fcfer [&hellip;]<\/p>\n","protected":false},"author":1,"featured_media":0,"parent":0,"menu_order":0,"comment_status":"closed","ping_status":"closed","template":"page-templates\/full-width.php","meta":{"footnotes":""},"class_list":["post-26","page","type-page","status-publish","hentry"],"yoast_head":"<!-- This site is optimized with the Yoast SEO plugin v19.7.1 - https:\/\/yoast.com\/wordpress\/plugins\/seo\/ -->\n<title>Internationale Partnerschaften ARS LEGIS -<\/title>\n<meta name=\"robots\" content=\"index, follow, max-snippet:-1, max-image-preview:large, max-video-preview:-1\" \/>\n<link rel=\"canonical\" href=\"https:\/\/koutsonassios.gr\/de\/internationale-partnerschaften-ars-legis\/\" \/>\n<meta property=\"og:locale\" content=\"en_US\" \/>\n<meta property=\"og:type\" content=\"article\" \/>\n<meta property=\"og:title\" content=\"Internationale Partnerschaften ARS LEGIS -\" \/>\n<meta property=\"og:description\" content=\"[vc_row][vc_column offset=&#8221;vc_hidden-md vc_hidden-sm vc_hidden-xs&#8221;][vc_row_inner][vc_column_inner width=&#8221;1\/2&#8243;][vc_empty_space height=&#8221;24px&#8221;][vc_single_image image=&#8221;43&#8243; img_size=&#8221;full&#8221; alignment=&#8221;center&#8221; style=&#8221;vc_box_shadow_3d&#8221;][vc_column_text] Mitgliederversammlung Ars Legis [\/vc_column_text][vc_empty_space height=&#8221;24px&#8221;][vc_single_image image=&#8221;44&#8243; img_size=&#8221;&#8221; alignment=&#8221;center&#8221;][\/vc_column_inner][vc_column_inner width=&#8221;1\/2&#8243;][vc_column_text]Erfahrung \u2013 Vertrauen \u2013 Erfolg: Seit 1993 bietet Ars Legis International seinen Partnerkanzleien und deren Mandanten international fachkundige, schnelle Beratung aus einer Hand. \u00dcber 50 Kanzleien mit um ein Vielfaches mehr an Berufstr\u00e4gern \u2013 Rechtsanw\u00e4lte, Patentanw\u00e4lte, Wirtschaftspr\u00fcfer [&hellip;]\" \/>\n<meta property=\"og:url\" content=\"https:\/\/koutsonassios.gr\/de\/internationale-partnerschaften-ars-legis\/\" \/>\n<meta property=\"article:modified_time\" content=\"2022-04-11T03:12:02+00:00\" \/>\n<meta name=\"twitter:card\" content=\"summary_large_image\" \/>\n<meta name=\"twitter:label1\" content=\"Est. reading time\" \/>\n\t<meta name=\"twitter:data1\" content=\"2 minutes\" \/>\n<script type=\"application\/ld+json\" class=\"yoast-schema-graph\">{\"@context\":\"https:\/\/schema.org\",\"@graph\":[{\"@type\":\"WebPage\",\"@id\":\"https:\/\/koutsonassios.gr\/de\/internationale-partnerschaften-ars-legis\/\",\"url\":\"https:\/\/koutsonassios.gr\/de\/internationale-partnerschaften-ars-legis\/\",\"name\":\"Internationale Partnerschaften ARS LEGIS -\",\"isPartOf\":{\"@id\":\"https:\/\/koutsonassios.gr\/de\/#website\"},\"datePublished\":\"2021-04-16T14:28:52+00:00\",\"dateModified\":\"2022-04-11T03:12:02+00:00\",\"breadcrumb\":{\"@id\":\"https:\/\/koutsonassios.gr\/de\/internationale-partnerschaften-ars-legis\/#breadcrumb\"},\"inLanguage\":\"en-US\",\"potentialAction\":[{\"@type\":\"ReadAction\",\"target\":[\"https:\/\/koutsonassios.gr\/de\/internationale-partnerschaften-ars-legis\/\"]}]},{\"@type\":\"BreadcrumbList\",\"@id\":\"https:\/\/koutsonassios.gr\/de\/internationale-partnerschaften-ars-legis\/#breadcrumb\",\"itemListElement\":[{\"@type\":\"ListItem\",\"position\":1,\"name\":\"Home\",\"item\":\"https:\/\/koutsonassios.gr\/de\/\"},{\"@type\":\"ListItem\",\"position\":2,\"name\":\"Internationale Partnerschaften ARS LEGIS\"}]},{\"@type\":\"WebSite\",\"@id\":\"https:\/\/koutsonassios.gr\/de\/#website\",\"url\":\"https:\/\/koutsonassios.gr\/de\/\",\"name\":\"\",\"description\":\"\",\"potentialAction\":[{\"@type\":\"SearchAction\",\"target\":{\"@type\":\"EntryPoint\",\"urlTemplate\":\"https:\/\/koutsonassios.gr\/de\/?s={search_term_string}\"},\"query-input\":\"required name=search_term_string\"}],\"inLanguage\":\"en-US\"}]}<\/script>\n<!-- \/ Yoast SEO plugin. -->","yoast_head_json":{"title":"Internationale Partnerschaften ARS LEGIS -","robots":{"index":"index","follow":"follow","max-snippet":"max-snippet:-1","max-image-preview":"max-image-preview:large","max-video-preview":"max-video-preview:-1"},"canonical":"https:\/\/koutsonassios.gr\/de\/internationale-partnerschaften-ars-legis\/","og_locale":"en_US","og_type":"article","og_title":"Internationale Partnerschaften ARS LEGIS -","og_description":"[vc_row][vc_column offset=&#8221;vc_hidden-md vc_hidden-sm vc_hidden-xs&#8221;][vc_row_inner][vc_column_inner width=&#8221;1\/2&#8243;][vc_empty_space height=&#8221;24px&#8221;][vc_single_image image=&#8221;43&#8243; img_size=&#8221;full&#8221; alignment=&#8221;center&#8221; style=&#8221;vc_box_shadow_3d&#8221;][vc_column_text] Mitgliederversammlung Ars Legis [\/vc_column_text][vc_empty_space height=&#8221;24px&#8221;][vc_single_image image=&#8221;44&#8243; img_size=&#8221;&#8221; alignment=&#8221;center&#8221;][\/vc_column_inner][vc_column_inner width=&#8221;1\/2&#8243;][vc_column_text]Erfahrung \u2013 Vertrauen \u2013 Erfolg: Seit 1993 bietet Ars Legis International seinen Partnerkanzleien und deren Mandanten international fachkundige, schnelle Beratung aus einer Hand. \u00dcber 50 Kanzleien mit um ein Vielfaches mehr an Berufstr\u00e4gern \u2013 Rechtsanw\u00e4lte, Patentanw\u00e4lte, Wirtschaftspr\u00fcfer [&hellip;]","og_url":"https:\/\/koutsonassios.gr\/de\/internationale-partnerschaften-ars-legis\/","article_modified_time":"2022-04-11T03:12:02+00:00","twitter_card":"summary_large_image","twitter_misc":{"Est. reading time":"2 minutes"},"schema":{"@context":"https:\/\/schema.org","@graph":[{"@type":"WebPage","@id":"https:\/\/koutsonassios.gr\/de\/internationale-partnerschaften-ars-legis\/","url":"https:\/\/koutsonassios.gr\/de\/internationale-partnerschaften-ars-legis\/","name":"Internationale Partnerschaften ARS LEGIS -","isPartOf":{"@id":"https:\/\/koutsonassios.gr\/de\/#website"},"datePublished":"2021-04-16T14:28:52+00:00","dateModified":"2022-04-11T03:12:02+00:00","breadcrumb":{"@id":"https:\/\/koutsonassios.gr\/de\/internationale-partnerschaften-ars-legis\/#breadcrumb"},"inLanguage":"en-US","potentialAction":[{"@type":"ReadAction","target":["https:\/\/koutsonassios.gr\/de\/internationale-partnerschaften-ars-legis\/"]}]},{"@type":"BreadcrumbList","@id":"https:\/\/koutsonassios.gr\/de\/internationale-partnerschaften-ars-legis\/#breadcrumb","itemListElement":[{"@type":"ListItem","position":1,"name":"Home","item":"https:\/\/koutsonassios.gr\/de\/"},{"@type":"ListItem","position":2,"name":"Internationale Partnerschaften ARS LEGIS"}]},{"@type":"WebSite","@id":"https:\/\/koutsonassios.gr\/de\/#website","url":"https:\/\/koutsonassios.gr\/de\/","name":"","description":"","potentialAction":[{"@type":"SearchAction","target":{"@type":"EntryPoint","urlTemplate":"https:\/\/koutsonassios.gr\/de\/?s={search_term_string}"},"query-input":"required name=search_term_string"}],"inLanguage":"en-US"}]}},"_links":{"self":[{"href":"https:\/\/koutsonassios.gr\/de\/wp-json\/wp\/v2\/pages\/26","targetHints":{"allow":["GET"]}}],"collection":[{"href":"https:\/\/koutsonassios.gr\/de\/wp-json\/wp\/v2\/pages"}],"about":[{"href":"https:\/\/koutsonassios.gr\/de\/wp-json\/wp\/v2\/types\/page"}],"author":[{"embeddable":true,"href":"https:\/\/koutsonassios.gr\/de\/wp-json\/wp\/v2\/users\/1"}],"replies":[{"embeddable":true,"href":"https:\/\/koutsonassios.gr\/de\/wp-json\/wp\/v2\/comments?post=26"}],"version-history":[{"count":12,"href":"https:\/\/koutsonassios.gr\/de\/wp-json\/wp\/v2\/pages\/26\/revisions"}],"predecessor-version":[{"id":87,"href":"https:\/\/koutsonassios.gr\/de\/wp-json\/wp\/v2\/pages\/26\/revisions\/87"}],"wp:attachment":[{"href":"https:\/\/koutsonassios.gr\/de\/wp-json\/wp\/v2\/media?parent=26"}],"curies":[{"name":"wp","href":"https:\/\/api.w.org\/{rel}","templated":true}]}}